{"id":501,"date":"2023-01-25T18:03:49","date_gmt":"2023-01-25T16:03:49","guid":{"rendered":"https:\/\/modelleisenbahnreparatur.ch\/?post_type=product&#038;p=501"},"modified":"2023-01-25T18:03:49","modified_gmt":"2023-01-25T16:03:49","slug":"micro-haus-und-lokbeleuchtung-fuehrerstandsbeleuchtung-warmweiss","status":"publish","type":"product","link":"https:\/\/modelleisenbahnreparatur.ch\/?product=micro-haus-und-lokbeleuchtung-fuehrerstandsbeleuchtung-warmweiss","title":{"rendered":"Micro Haus- und Lokbeleuchtung, F\u00fchrerstandsbeleuchtung Warmwei\u00df"},"content":{"rendered":"<div class=\"MuiBox-root css-18pxg64\">\n<div class=\"MuiBox-root css-69i1ev\">\n<div class=\"MuiBox-root css-79vkaf\">&nbsp;<\/div>\n<div class=\"ytWqw\">\n<div class=\"MuiBox-root css-1ax17ci\">Micro Haus- und Lokbeleuchtung, F\u00fchrerstandsbeleuchtung Warmwei\u00df<\/div>\n<\/div>\n<\/div>\n<\/div>\n<div class=\"MuiBox-root css-1m1gi3l\">\n<div class=\"MuiBox-root css-1rc7znr\"><span class=\"MuiTypography-root MuiTypography-body1 egdy9xu2 css-13qotfz\"><br \/>\nDie Micro-Beleuchtung kann sehr leicht und universell eingesetzt werden.<br \/>\nDie LED-Hausbeleuchtung ist vollst\u00e4ndig dimmbar per Spannung, Strom oder PWM.<br \/>\nAuf der R\u00fcckseite ist die Polarit\u00e4t mit + und &#8211; gekennzeichnet.<br \/>\nDie geringen Ma\u00dfe (6,0 x 6,0 x 3,0 mm) erleichtern den Einbau.<br \/>\nAnschlussfertig mit ca. 20 cm Anschlussleitung.<\/p>\n<p>140\u00b0 Abstrahlwinkel<br \/>\nLeuchtfarbe: Warm Wei\u00df<br \/>\nEingangsspannung: 7 bis 24 Volt (AC\/DC) Gleich- und Wechselspannung<br \/>\nStrom: 10 mA&nbsp;<\/span><\/div>\n<\/div>\n","protected":false},"excerpt":{"rendered":"<p>&nbsp; Micro Haus- und Lokbeleuchtung, F\u00fchrerstandsbeleuchtung Warmwei\u00df Die Micro-Beleuchtung kann sehr leicht und universell eingesetzt werden. Die LED-Hausbeleuchtung ist vollst\u00e4ndig dimmbar per Spannung, Strom oder PWM. Auf der R\u00fcckseite ist die Polarit\u00e4t mit + und &#8211; gekennzeichnet. Die geringen Ma\u00dfe (6,0 x 6,0 x 3,0 mm) erleichtern den Einbau. Anschlussfertig mit ca. 20 cm Anschlussleitung.&nbsp;&hellip;<\/p>\n","protected":false},"featured_media":504,"template":"","meta":{"ngg_post_thumbnail":0},"product_brand":[],"product_cat":[18],"product_tag":[],"class_list":{"0":"post-501","1":"product","2":"type-product","3":"status-publish","4":"has-post-thumbnail","6":"product_cat-modelleisenbahn","7":"product_shipping_class-klein","9":"first","10":"instock","11":"shipping-taxable","12":"purchasable","13":"product-type-simple"},"_links":{"self":[{"href":"https:\/\/modelleisenbahnreparatur.ch\/index.php?rest_route=\/wp\/v2\/product\/501","targetHints":{"allow":["GET"]}}],"collection":[{"href":"https:\/\/modelleisenbahnreparatur.ch\/index.php?rest_route=\/wp\/v2\/product"}],"about":[{"href":"https:\/\/modelleisenbahnreparatur.ch\/index.php?rest_route=\/wp\/v2\/types\/product"}],"wp:featuredmedia":[{"embeddable":true,"href":"https:\/\/modelleisenbahnreparatur.ch\/index.php?rest_route=\/wp\/v2\/media\/504"}],"wp:attachment":[{"href":"https:\/\/modelleisenbahnreparatur.ch\/index.php?rest_route=%2Fwp%2Fv2%2Fmedia&parent=501"}],"wp:term":[{"taxonomy":"product_brand","embeddable":true,"href":"https:\/\/modelleisenbahnreparatur.ch\/index.php?rest_route=%2Fwp%2Fv2%2Fproduct_brand&post=501"},{"taxonomy":"product_cat","embeddable":true,"href":"https:\/\/modelleisenbahnreparatur.ch\/index.php?rest_route=%2Fwp%2Fv2%2Fproduct_cat&post=501"},{"taxonomy":"product_tag","embeddable":true,"href":"https:\/\/modelleisenbahnreparatur.ch\/index.php?rest_route=%2Fwp%2Fv2%2Fproduct_tag&post=501"}],"curies":[{"name":"wp","href":"https:\/\/api.w.org\/{rel}","templated":true}]}}