{"id":389,"date":"2020-09-28T12:30:23","date_gmt":"2020-09-28T10:30:23","guid":{"rendered":"https:\/\/modelleisenbahnreparatur.ch\/?post_type=product&#038;p=389"},"modified":"2022-02-06T10:03:33","modified_gmt":"2022-02-06T08:03:33","slug":"maerklin-610662-stecker-fuer-anschluss-z-b-trafo","status":"publish","type":"product","link":"https:\/\/modelleisenbahnreparatur.ch\/?product=maerklin-610662-stecker-fuer-anschluss-z-b-trafo","title":{"rendered":"M\u00e4rklin 610662 Stecker f\u00fcr Anschluss z.B. Trafo"},"content":{"rendered":"<p>M\u00e4rklin 610662 Stecker f\u00fcr Anschluss z.B. Trafo 60032 60052<br \/>\nFabrikneu.<\/p>\n","protected":false},"excerpt":{"rendered":"<p>M\u00e4rklin 610662 Stecker f\u00fcr Anschluss z.B. Trafo 60032 60052 Fabrikneu.<\/p>\n","protected":false},"featured_media":425,"template":"","meta":{"ngg_post_thumbnail":0},"product_brand":[],"product_cat":[18],"product_tag":[],"class_list":{"0":"post-389","1":"product","2":"type-product","3":"status-publish","4":"has-post-thumbnail","6":"product_cat-modelleisenbahn","7":"product_shipping_class-klein","9":"first","10":"instock","11":"shipping-taxable","12":"purchasable","13":"product-type-simple"},"_links":{"self":[{"href":"https:\/\/modelleisenbahnreparatur.ch\/index.php?rest_route=\/wp\/v2\/product\/389","targetHints":{"allow":["GET"]}}],"collection":[{"href":"https:\/\/modelleisenbahnreparatur.ch\/index.php?rest_route=\/wp\/v2\/product"}],"about":[{"href":"https:\/\/modelleisenbahnreparatur.ch\/index.php?rest_route=\/wp\/v2\/types\/product"}],"wp:featuredmedia":[{"embeddable":true,"href":"https:\/\/modelleisenbahnreparatur.ch\/index.php?rest_route=\/wp\/v2\/media\/425"}],"wp:attachment":[{"href":"https:\/\/modelleisenbahnreparatur.ch\/index.php?rest_route=%2Fwp%2Fv2%2Fmedia&parent=389"}],"wp:term":[{"taxonomy":"product_brand","embeddable":true,"href":"https:\/\/modelleisenbahnreparatur.ch\/index.php?rest_route=%2Fwp%2Fv2%2Fproduct_brand&post=389"},{"taxonomy":"product_cat","embeddable":true,"href":"https:\/\/modelleisenbahnreparatur.ch\/index.php?rest_route=%2Fwp%2Fv2%2Fproduct_cat&post=389"},{"taxonomy":"product_tag","embeddable":true,"href":"https:\/\/modelleisenbahnreparatur.ch\/index.php?rest_route=%2Fwp%2Fv2%2Fproduct_tag&post=389"}],"curies":[{"name":"wp","href":"https:\/\/api.w.org\/{rel}","templated":true}]}}