{"id":388,"date":"2020-09-28T12:29:22","date_gmt":"2020-09-28T10:29:22","guid":{"rendered":"https:\/\/modelleisenbahnreparatur.ch\/?post_type=product&#038;p=388"},"modified":"2022-02-06T10:03:44","modified_gmt":"2022-02-06T08:03:44","slug":"maerklin-e611719-stecker-fuer-centrale-esu-ecos","status":"publish","type":"product","link":"https:\/\/modelleisenbahnreparatur.ch\/?product=maerklin-e611719-stecker-fuer-centrale-esu-ecos","title":{"rendered":"M\u00e4rklin E611719 Stecker f\u00fcr Centrale, Esu Ecos"},"content":{"rendered":"<p>M\u00e4rklin E611719 Stecker f\u00fcr Centrale, Esu Ecos<br \/>\n60212 bis 60215 Gleisanschluss-Stecker<br \/>\nDer Stecker passt in die Central<br \/>\nStation 60212 \/ 60213 \/ 60214 \/ 60215 \/ Esu Ecos und dient als Spannungs-<br \/>\nversorgung f\u00fcr das Gleis oder \/ und Programmiergleis&nbsp;<br \/>\nFabrikneu<\/p>\n","protected":false},"excerpt":{"rendered":"<p>M\u00e4rklin E611719 Stecker f\u00fcr Centrale, Esu Ecos 60212 bis 60215 Gleisanschluss-Stecker Der Stecker passt in die Central Station 60212 \/ 60213 \/ 60214 \/ 60215 \/ Esu Ecos und dient als Spannungs- versorgung f\u00fcr das Gleis oder \/ und Programmiergleis&nbsp; Fabrikneu<\/p>\n","protected":false},"featured_media":423,"template":"","meta":{"ngg_post_thumbnail":0},"product_brand":[],"product_cat":[18],"product_tag":[],"class_list":{"0":"post-388","1":"product","2":"type-product","3":"status-publish","4":"has-post-thumbnail","6":"product_cat-modelleisenbahn","7":"product_shipping_class-klein","9":"first","10":"instock","11":"shipping-taxable","12":"purchasable","13":"product-type-simple"},"_links":{"self":[{"href":"https:\/\/modelleisenbahnreparatur.ch\/index.php?rest_route=\/wp\/v2\/product\/388","targetHints":{"allow":["GET"]}}],"collection":[{"href":"https:\/\/modelleisenbahnreparatur.ch\/index.php?rest_route=\/wp\/v2\/product"}],"about":[{"href":"https:\/\/modelleisenbahnreparatur.ch\/index.php?rest_route=\/wp\/v2\/types\/product"}],"wp:featuredmedia":[{"embeddable":true,"href":"https:\/\/modelleisenbahnreparatur.ch\/index.php?rest_route=\/wp\/v2\/media\/423"}],"wp:attachment":[{"href":"https:\/\/modelleisenbahnreparatur.ch\/index.php?rest_route=%2Fwp%2Fv2%2Fmedia&parent=388"}],"wp:term":[{"taxonomy":"product_brand","embeddable":true,"href":"https:\/\/modelleisenbahnreparatur.ch\/index.php?rest_route=%2Fwp%2Fv2%2Fproduct_brand&post=388"},{"taxonomy":"product_cat","embeddable":true,"href":"https:\/\/modelleisenbahnreparatur.ch\/index.php?rest_route=%2Fwp%2Fv2%2Fproduct_cat&post=388"},{"taxonomy":"product_tag","embeddable":true,"href":"https:\/\/modelleisenbahnreparatur.ch\/index.php?rest_route=%2Fwp%2Fv2%2Fproduct_tag&post=388"}],"curies":[{"name":"wp","href":"https:\/\/api.w.org\/{rel}","templated":true}]}}