{"id":234,"date":"2020-09-21T12:43:58","date_gmt":"2020-09-21T10:43:58","guid":{"rendered":"https:\/\/modelleisenbahnreparatur.ch\/?post_type=product&#038;p=234"},"modified":"2022-02-06T10:03:51","modified_gmt":"2022-02-06T08:03:51","slug":"led-beleuchtung-umbausatz-fuer-re-460-465-maerklin","status":"publish","type":"product","link":"https:\/\/modelleisenbahnreparatur.ch\/?product=led-beleuchtung-umbausatz-fuer-re-460-465-maerklin","title":{"rendered":"LED Beleuchtung Umbausatz f\u00fcr Re 460\/465 M\u00e4rklin"},"content":{"rendered":"<p>LED Beleuchtung Umbausatz f\u00fcr Re 460\/465 M\u00e4rklin<\/p>\n<p>Die LED&#8217;s k\u00f6nnen ganz einfach eingesteckt werden. Die passenden Vorwiderst\u00e4nde liegen bei und m\u00fcssen nur eingel\u00f6tet werden. Auf Wunsch kann ich das f\u00fcr sie selbstverst\u00e4ndlich \u00fcbernehmen.<\/p>\n<p>Somit k\u00f6nnen sie ihre \u00e4lteren RE 460\/465 einfach auf die stromsparende und langlebige LED Technik umbauen.<\/p>\n<p>Artikelnummer: 3460, 3463, 34635, 3760, 3763, 8360<\/p>\n<p>Ersetzt die Gl\u00fchbrinen E610040<\/p>\n<p>Neu und ungebraucht, inkl. Einbauanleitung<\/p>\n<p>Porto A-Post 3.-<\/p>\n","protected":false},"excerpt":{"rendered":"<p>LED Beleuchtung Umbausatz f\u00fcr Re 460\/465 M\u00e4rklin Die LED&#8217;s k\u00f6nnen ganz einfach eingesteckt werden. Die passenden Vorwiderst\u00e4nde liegen bei und m\u00fcssen nur eingel\u00f6tet werden. Auf Wunsch kann ich das f\u00fcr sie selbstverst\u00e4ndlich \u00fcbernehmen. Somit k\u00f6nnen sie ihre \u00e4lteren RE 460\/465 einfach auf die stromsparende und langlebige LED Technik umbauen. Artikelnummer: 3460, 3463, 34635, 3760, 3763,&nbsp;&hellip;<\/p>\n","protected":false},"featured_media":379,"template":"","meta":{"ngg_post_thumbnail":0},"product_brand":[],"product_cat":[18],"product_tag":[],"class_list":{"0":"post-234","1":"product","2":"type-product","3":"status-publish","4":"has-post-thumbnail","6":"product_cat-modelleisenbahn","7":"product_shipping_class-klein","9":"first","10":"instock","11":"shipping-taxable","12":"purchasable","13":"product-type-simple"},"_links":{"self":[{"href":"https:\/\/modelleisenbahnreparatur.ch\/index.php?rest_route=\/wp\/v2\/product\/234","targetHints":{"allow":["GET"]}}],"collection":[{"href":"https:\/\/modelleisenbahnreparatur.ch\/index.php?rest_route=\/wp\/v2\/product"}],"about":[{"href":"https:\/\/modelleisenbahnreparatur.ch\/index.php?rest_route=\/wp\/v2\/types\/product"}],"wp:featuredmedia":[{"embeddable":true,"href":"https:\/\/modelleisenbahnreparatur.ch\/index.php?rest_route=\/wp\/v2\/media\/379"}],"wp:attachment":[{"href":"https:\/\/modelleisenbahnreparatur.ch\/index.php?rest_route=%2Fwp%2Fv2%2Fmedia&parent=234"}],"wp:term":[{"taxonomy":"product_brand","embeddable":true,"href":"https:\/\/modelleisenbahnreparatur.ch\/index.php?rest_route=%2Fwp%2Fv2%2Fproduct_brand&post=234"},{"taxonomy":"product_cat","embeddable":true,"href":"https:\/\/modelleisenbahnreparatur.ch\/index.php?rest_route=%2Fwp%2Fv2%2Fproduct_cat&post=234"},{"taxonomy":"product_tag","embeddable":true,"href":"https:\/\/modelleisenbahnreparatur.ch\/index.php?rest_route=%2Fwp%2Fv2%2Fproduct_tag&post=234"}],"curies":[{"name":"wp","href":"https:\/\/api.w.org\/{rel}","templated":true}]}}