{"id":57,"date":"2020-09-16T12:15:12","date_gmt":"2020-09-16T10:15:12","guid":{"rendered":"https:\/\/modelleisenbahnreparatur.ch\/?page_id=57"},"modified":"2020-09-24T12:38:54","modified_gmt":"2020-09-24T10:38:54","slug":"ueber-mich","status":"publish","type":"page","link":"https:\/\/modelleisenbahnreparatur.ch\/?page_id=57","title":{"rendered":"\u00dcber mich"},"content":{"rendered":"\n<p class=\"has-text-align-center\"><br>Tags\u00fcber arbeite ich als ausgelernter Landmaschinenmechaniker, doch in meiner Freizeit interessierte ich mich schon immer f\u00fcr Modelleisenbahnen.<br>Deshalb repariere ich heute Rollmaterial&nbsp;jeder Marke und teile auch meine F\u00e4higkeiten mit meinen Kunden. Falls Sie ein Problem mit Ihrer Modelleisenbahn haben oder eine Neue erwerben wollen, sind Sie bei uns genau richtig.<br>Zus\u00e4tzlich habe ich meinen eigenen 3D Drucker, mit dem ich Ihre W\u00fcnsche verwirklichen kann oder Ersatzteile f\u00fcr die Modelleisenbahn produzieren.<\/p>\n\n\n\n<figure class=\"wp-block-image size-large is-resized\"><img loading=\"lazy\" decoding=\"async\" src=\"https:\/\/modelleisenbahnreparatur.ch\/wp-content\/uploads\/2020\/09\/profil-1-867x1024.jpg\" alt=\"Modelleisenbahn Reparatur\" class=\"wp-image-224\" width=\"339\" height=\"401\" srcset=\"https:\/\/modelleisenbahnreparatur.ch\/wp-content\/uploads\/2020\/09\/profil-1-867x1024.jpg 867w, https:\/\/modelleisenbahnreparatur.ch\/wp-content\/uploads\/2020\/09\/profil-1-600x708.jpg 600w, https:\/\/modelleisenbahnreparatur.ch\/wp-content\/uploads\/2020\/09\/profil-1-254x300.jpg 254w, https:\/\/modelleisenbahnreparatur.ch\/wp-content\/uploads\/2020\/09\/profil-1-768x907.jpg 768w, https:\/\/modelleisenbahnreparatur.ch\/wp-content\/uploads\/2020\/09\/profil-1-915x1080.jpg 915w, https:\/\/modelleisenbahnreparatur.ch\/wp-content\/uploads\/2020\/09\/profil-1.jpg 1053w\" sizes=\"auto, (max-width: 339px) 100vw, 339px\" \/><\/figure>\n","protected":false},"excerpt":{"rendered":"<p>Tags\u00fcber arbeite ich als ausgelernter Landmaschinenmechaniker, doch in meiner Freizeit interessierte ich mich schon immer f\u00fcr Modelleisenbahnen.Deshalb repariere ich heute Rollmaterial&nbsp;jeder Marke und teile auch meine F\u00e4higkeiten mit meinen Kunden. Falls Sie ein Problem mit Ihrer Modelleisenbahn haben oder eine Neue erwerben wollen, sind Sie bei uns genau richtig.Zus\u00e4tzlich habe ich meinen eigenen 3D Drucker,&nbsp;&hellip;<\/p>\n","protected":false},"author":1,"featured_media":315,"parent":0,"menu_order":0,"comment_status":"closed","ping_status":"closed","template":"","meta":{"ngg_post_thumbnail":0,"footnotes":""},"class_list":["post-57","page","type-page","status-publish","has-post-thumbnail","hentry"],"_links":{"self":[{"href":"https:\/\/modelleisenbahnreparatur.ch\/index.php?rest_route=\/wp\/v2\/pages\/57","targetHints":{"allow":["GET"]}}],"collection":[{"href":"https:\/\/modelleisenbahnreparatur.ch\/index.php?rest_route=\/wp\/v2\/pages"}],"about":[{"href":"https:\/\/modelleisenbahnreparatur.ch\/index.php?rest_route=\/wp\/v2\/types\/page"}],"author":[{"embeddable":true,"href":"https:\/\/modelleisenbahnreparatur.ch\/index.php?rest_route=\/wp\/v2\/users\/1"}],"replies":[{"embeddable":true,"href":"https:\/\/modelleisenbahnreparatur.ch\/index.php?rest_route=%2Fwp%2Fv2%2Fcomments&post=57"}],"version-history":[{"count":6,"href":"https:\/\/modelleisenbahnreparatur.ch\/index.php?rest_route=\/wp\/v2\/pages\/57\/revisions"}],"predecessor-version":[{"id":266,"href":"https:\/\/modelleisenbahnreparatur.ch\/index.php?rest_route=\/wp\/v2\/pages\/57\/revisions\/266"}],"wp:featuredmedia":[{"embeddable":true,"href":"https:\/\/modelleisenbahnreparatur.ch\/index.php?rest_route=\/wp\/v2\/media\/315"}],"wp:attachment":[{"href":"https:\/\/modelleisenbahnreparatur.ch\/index.php?rest_route=%2Fwp%2Fv2%2Fmedia&parent=57"}],"curies":[{"name":"wp","href":"https:\/\/api.w.org\/{rel}","templated":true}]}}