{"id":53,"date":"2020-09-14T12:55:25","date_gmt":"2020-09-14T10:55:25","guid":{"rendered":"https:\/\/modelleisenbahnreparatur.ch\/?page_id=53"},"modified":"2020-09-18T09:18:25","modified_gmt":"2020-09-18T07:18:25","slug":"modelleisenbahn","status":"publish","type":"page","link":"https:\/\/modelleisenbahnreparatur.ch\/?page_id=53","title":{"rendered":"Modelleisenbahn"},"content":{"rendered":"<p>Wir&nbsp;digitalisieren Ihnen jede Lok nach Ihren W\u00fcnschen und Anforderungen. F\u00fcr die Digitalisierung verwenden wir meistens ESU Produkte. Selbstverst\u00e4ndlich f\u00fchren wir auch Reparaturen und Wartungen durch. Wir spielen Ihre Wunschsoundes auf den Decoder auf, bauen LED Technik in Wagen und Lokomotiven ein und kaufen Rollmaterial zu fairen Preisen an. Senden Sie uns Ihre W\u00fcnsche und wir offerieren Ihnen gerne ein Angebot.<\/p>\n\n\n<div class=\"wp-block-buttons aligncenter is-layout-flex wp-block-buttons-is-layout-flex\">\n<div class=\"wp-block-button\"><a class=\"wp-block-button__link has-text-color has-background\" href=\"https:\/\/modelleisenbahnreparatur.ch\/?page_id=46\" style=\"border-radius:20px;background-color:#828487;color:#fffffa\">Preisliste<\/a><\/div>\n<\/div>\n\n\n\n<p><\/p>\n","protected":false},"excerpt":{"rendered":"<p>Wir&nbsp;digitalisieren Ihnen jede Lok nach Ihren W\u00fcnschen und Anforderungen. F\u00fcr die Digitalisierung verwenden wir meistens ESU Produkte. Selbstverst\u00e4ndlich f\u00fchren wir auch Reparaturen und Wartungen durch. Wir spielen Ihre Wunschsoundes auf den Decoder auf, bauen LED Technik in Wagen und Lokomotiven ein und kaufen Rollmaterial zu fairen Preisen an. Senden Sie uns Ihre W\u00fcnsche und wir&nbsp;&hellip;<\/p>\n","protected":false},"author":1,"featured_media":173,"parent":0,"menu_order":0,"comment_status":"closed","ping_status":"closed","template":"","meta":{"ngg_post_thumbnail":0,"footnotes":""},"class_list":["post-53","page","type-page","status-publish","has-post-thumbnail","hentry"],"_links":{"self":[{"href":"https:\/\/modelleisenbahnreparatur.ch\/index.php?rest_route=\/wp\/v2\/pages\/53","targetHints":{"allow":["GET"]}}],"collection":[{"href":"https:\/\/modelleisenbahnreparatur.ch\/index.php?rest_route=\/wp\/v2\/pages"}],"about":[{"href":"https:\/\/modelleisenbahnreparatur.ch\/index.php?rest_route=\/wp\/v2\/types\/page"}],"author":[{"embeddable":true,"href":"https:\/\/modelleisenbahnreparatur.ch\/index.php?rest_route=\/wp\/v2\/users\/1"}],"replies":[{"embeddable":true,"href":"https:\/\/modelleisenbahnreparatur.ch\/index.php?rest_route=%2Fwp%2Fv2%2Fcomments&post=53"}],"version-history":[{"count":9,"href":"https:\/\/modelleisenbahnreparatur.ch\/index.php?rest_route=\/wp\/v2\/pages\/53\/revisions"}],"predecessor-version":[{"id":189,"href":"https:\/\/modelleisenbahnreparatur.ch\/index.php?rest_route=\/wp\/v2\/pages\/53\/revisions\/189"}],"wp:featuredmedia":[{"embeddable":true,"href":"https:\/\/modelleisenbahnreparatur.ch\/index.php?rest_route=\/wp\/v2\/media\/173"}],"wp:attachment":[{"href":"https:\/\/modelleisenbahnreparatur.ch\/index.php?rest_route=%2Fwp%2Fv2%2Fmedia&parent=53"}],"curies":[{"name":"wp","href":"https:\/\/api.w.org\/{rel}","templated":true}]}}