{"id":42,"date":"2020-09-14T12:50:38","date_gmt":"2020-09-14T10:50:38","guid":{"rendered":"https:\/\/modelleisenbahnreparatur.ch\/?page_id=42"},"modified":"2020-09-21T12:54:13","modified_gmt":"2020-09-21T10:54:13","slug":"3d-drucker-ausdruckservice","status":"publish","type":"page","link":"https:\/\/modelleisenbahnreparatur.ch\/?page_id=42","title":{"rendered":"3D Drucker Ausdruckservice"},"content":{"rendered":"<div id=\"cc-m-10658018993\" class=\"j-module n j-header \">\n<h3 id=\"cc-m-header-10658018993\" class=\"\" style=\"text-align: center;\">Lassen Sie Ihr 3D Modell bei uns ausdrucken<\/h3>\n<p style=\"text-align: center;\">Wir drucken f\u00fcr Sie Ihr 3D Modell auf unserem 3D Drucker aus. Egal ob Sie bereits eine digitale 3D Zeichnung besitzen oder nicht, wir machen es m\u00f6glich und drucken Ihre gew\u00fcnschten Teile aus.<\/p>\n<p style=\"text-align: center;\"><span style=\"font-size: inherit;\">Dank des Dual Extruder-Druckkopfes ist ein mehrfarbigen Druck oder das Verwenden von wasserl\u00f6slichen St\u00fctzstrukturen kein Problem. Somit sind auch sehr filigrane Modelle m\u00f6glich, welche ideal f\u00fcr Prototyping, Modellbau oder Ersatzteilanfertigung geeignet sind. Senden sie uns Ihre Vorstellungen und W\u00fcnsche und wir machen Ihnen ein Angebot. Wir senden Ihnen auch gerne einen Testdruck zu.<\/span><\/p>\n<\/div>\n<div id=\"cc-m-10519316293\" class=\"j-module n j-text \">\n<p style=\"text-align: center;\">Verwendeter Drucker : Renkforce RF2000<\/p>\n<p style=\"text-align: center;\">Material: ABS oder PLA<\/p>\n<p style=\"text-align: center;\">Maximale druckbare Gr\u00f6sse: (T x B x H) 230 mm x 180 mm x 200 mm<\/p>\n<\/div>\n\n\n<div class=\"wp-block-buttons aligncenter is-layout-flex wp-block-buttons-is-layout-flex\">\n<div class=\"wp-block-button margin-top:10px;\"><a class=\"wp-block-button__link has-text-color has-background\" href=\"https:\/\/modelleisenbahnreparatur.ch\/?page_id=46\" style=\"border-radius:22px;background-color:#828487;color:#fffffa\">Preisliste<\/a><\/div>\n<\/div>\n\n\n\n<div class=\"wp-block-image is-style-default margin-top:10px;\"><figure class=\"aligncenter size-full is-resized\"><img loading=\"lazy\" decoding=\"async\" src=\"https:\/\/modelleisenbahnreparatur.ch\/wp-content\/uploads\/2020\/09\/3d-ausdruckservice.jpg\" alt=\"3D Ausdruckservice\" class=\"wp-image-44\" width=\"231\" height=\"356\" srcset=\"https:\/\/modelleisenbahnreparatur.ch\/wp-content\/uploads\/2020\/09\/3d-ausdruckservice.jpg 647w, https:\/\/modelleisenbahnreparatur.ch\/wp-content\/uploads\/2020\/09\/3d-ausdruckservice-600x927.jpg 600w, https:\/\/modelleisenbahnreparatur.ch\/wp-content\/uploads\/2020\/09\/3d-ausdruckservice-194x300.jpg 194w\" sizes=\"auto, (max-width: 231px) 100vw, 231px\" \/><figcaption>Renkforce RF2000<\/figcaption><\/figure><\/div>\n\n\n\n<p><\/p>\n","protected":false},"excerpt":{"rendered":"<p>Lassen Sie Ihr 3D Modell bei uns ausdrucken Wir drucken f\u00fcr Sie Ihr 3D Modell auf unserem 3D Drucker aus. Egal ob Sie bereits eine digitale 3D Zeichnung besitzen oder nicht, wir machen es m\u00f6glich und drucken Ihre gew\u00fcnschten Teile aus. Dank des Dual Extruder-Druckkopfes ist ein mehrfarbigen Druck oder das Verwenden von wasserl\u00f6slichen St\u00fctzstrukturen&nbsp;&hellip;<\/p>\n","protected":false},"author":1,"featured_media":212,"parent":0,"menu_order":0,"comment_status":"closed","ping_status":"closed","template":"","meta":{"ngg_post_thumbnail":0,"footnotes":""},"class_list":["post-42","page","type-page","status-publish","has-post-thumbnail","hentry"],"_links":{"self":[{"href":"https:\/\/modelleisenbahnreparatur.ch\/index.php?rest_route=\/wp\/v2\/pages\/42","targetHints":{"allow":["GET"]}}],"collection":[{"href":"https:\/\/modelleisenbahnreparatur.ch\/index.php?rest_route=\/wp\/v2\/pages"}],"about":[{"href":"https:\/\/modelleisenbahnreparatur.ch\/index.php?rest_route=\/wp\/v2\/types\/page"}],"author":[{"embeddable":true,"href":"https:\/\/modelleisenbahnreparatur.ch\/index.php?rest_route=\/wp\/v2\/users\/1"}],"replies":[{"embeddable":true,"href":"https:\/\/modelleisenbahnreparatur.ch\/index.php?rest_route=%2Fwp%2Fv2%2Fcomments&post=42"}],"version-history":[{"count":20,"href":"https:\/\/modelleisenbahnreparatur.ch\/index.php?rest_route=\/wp\/v2\/pages\/42\/revisions"}],"predecessor-version":[{"id":238,"href":"https:\/\/modelleisenbahnreparatur.ch\/index.php?rest_route=\/wp\/v2\/pages\/42\/revisions\/238"}],"wp:featuredmedia":[{"embeddable":true,"href":"https:\/\/modelleisenbahnreparatur.ch\/index.php?rest_route=\/wp\/v2\/media\/212"}],"wp:attachment":[{"href":"https:\/\/modelleisenbahnreparatur.ch\/index.php?rest_route=%2Fwp%2Fv2%2Fmedia&parent=42"}],"curies":[{"name":"wp","href":"https:\/\/api.w.org\/{rel}","templated":true}]}}