{"id":2,"date":"2020-09-13T09:54:07","date_gmt":"2020-09-13T09:54:07","guid":{"rendered":"https:\/\/modelleisenbahnreparatur.ch\/?page_id=2"},"modified":"2022-02-06T09:44:43","modified_gmt":"2022-02-06T07:44:43","slug":"sample-page","status":"publish","type":"page","link":"https:\/\/modelleisenbahnreparatur.ch\/","title":{"rendered":"Modelleisenbahnreparatur Fabian G\u00f6tz"},"content":{"rendered":"\nngg_shortcode_0_placeholder\n\n\n\n<p class=\"has-text-align-center\">Bei uns k\u00f6nnen Sie Ihre Modelleisenbahn reparieren und warten lassen. Zus\u00e4tzlich f\u00fchren wir auch&nbsp;Digitalisierungen von Lokomotiven und Wagen durch. In unserem Shop k\u00f6nnen Sie diverse&nbsp;Modelleisenbahnprodukte und deren Zubeh\u00f6r erwerben. Falls Ihnen ein Teil f\u00fcr&nbsp;eine Ihrer Modelleisenbahnen fehlt, beschaffen wir Ihnen gerne&nbsp;die n\u00f6tigen&nbsp;Ersatzteil aller Marken. Auch verf\u00fcgen wir \u00fcber einen&nbsp;3D Ausdruckservice, sowie die Erstellung von 3D Zeichnungen mit Auto CAD von Ihrem Traumobjekt.<\/p>\n","protected":false},"excerpt":{"rendered":"<p>Bei uns k\u00f6nnen Sie Ihre Modelleisenbahn reparieren und warten lassen. Zus\u00e4tzlich f\u00fchren wir auch&nbsp;Digitalisierungen von Lokomotiven und Wagen durch. In unserem Shop k\u00f6nnen Sie diverse&nbsp;Modelleisenbahnprodukte und deren Zubeh\u00f6r erwerben. Falls Ihnen ein Teil f\u00fcr&nbsp;eine Ihrer Modelleisenbahnen fehlt, beschaffen wir Ihnen gerne&nbsp;die n\u00f6tigen&nbsp;Ersatzteil aller Marken. Auch verf\u00fcgen wir \u00fcber einen&nbsp;3D Ausdruckservice, sowie die Erstellung von 3D&nbsp;&hellip;<\/p>\n","protected":false},"author":1,"featured_media":0,"parent":0,"menu_order":0,"comment_status":"closed","ping_status":"closed","template":"","meta":{"ngg_post_thumbnail":0,"footnotes":""},"class_list":["post-2","page","type-page","status-publish","hentry"],"_links":{"self":[{"href":"https:\/\/modelleisenbahnreparatur.ch\/index.php?rest_route=\/wp\/v2\/pages\/2","targetHints":{"allow":["GET"]}}],"collection":[{"href":"https:\/\/modelleisenbahnreparatur.ch\/index.php?rest_route=\/wp\/v2\/pages"}],"about":[{"href":"https:\/\/modelleisenbahnreparatur.ch\/index.php?rest_route=\/wp\/v2\/types\/page"}],"author":[{"embeddable":true,"href":"https:\/\/modelleisenbahnreparatur.ch\/index.php?rest_route=\/wp\/v2\/users\/1"}],"replies":[{"embeddable":true,"href":"https:\/\/modelleisenbahnreparatur.ch\/index.php?rest_route=%2Fwp%2Fv2%2Fcomments&post=2"}],"version-history":[{"count":16,"href":"https:\/\/modelleisenbahnreparatur.ch\/index.php?rest_route=\/wp\/v2\/pages\/2\/revisions"}],"predecessor-version":[{"id":480,"href":"https:\/\/modelleisenbahnreparatur.ch\/index.php?rest_route=\/wp\/v2\/pages\/2\/revisions\/480"}],"wp:attachment":[{"href":"https:\/\/modelleisenbahnreparatur.ch\/index.php?rest_route=%2Fwp%2Fv2%2Fmedia&parent=2"}],"curies":[{"name":"wp","href":"https:\/\/api.w.org\/{rel}","templated":true}]}}