{"id":103,"date":"2020-09-16T12:33:53","date_gmt":"2020-09-16T10:33:53","guid":{"rendered":"https:\/\/modelleisenbahnreparatur.ch\/?page_id=103"},"modified":"2020-09-16T12:58:03","modified_gmt":"2020-09-16T10:58:03","slug":"impressum","status":"publish","type":"page","link":"https:\/\/modelleisenbahnreparatur.ch\/?page_id=103","title":{"rendered":"Impressum"},"content":{"rendered":"\n<p>F\u00fcr den Inhalt von verlinkten externen Seiten k\u00f6nnen wir keine Verantwortung \u00fcbernehmen. Sollten wir davon Kenntnis erhalten, dass die Inhalte gegen geltendes Recht verstossen, werden wir diese Links sofort entfernen.<br>Alle Eingabetexte wurden sorgf\u00e4ltig gepr\u00fcft und werden laufend aktualisiert. Eine Garantie f\u00fcr Vollst\u00e4ndigkeit, Richtigkeit und Aktualit\u00e4t kann nicht \u00fcbernommen werden.<\/p>\n\n\n\n<p>Modelleisenbahn Reparatur\/Digitalisierung<br>3D Ausdruckservice<br>Fabian G\u00f6tz<br>Schlossackerstrasse 45<br>8526 Oberneunforn<br>+41 79 220 42 19<br><a href=\"mailto:info@begoe.ch\">info@modelleisenbahn.ch<\/a><\/p>\n","protected":false},"excerpt":{"rendered":"<p>F\u00fcr den Inhalt von verlinkten externen Seiten k\u00f6nnen wir keine Verantwortung \u00fcbernehmen. Sollten wir davon Kenntnis erhalten, dass die Inhalte gegen geltendes Recht verstossen, werden wir diese Links sofort entfernen.Alle Eingabetexte wurden sorgf\u00e4ltig gepr\u00fcft und werden laufend aktualisiert. Eine Garantie f\u00fcr Vollst\u00e4ndigkeit, Richtigkeit und Aktualit\u00e4t kann nicht \u00fcbernommen werden. Modelleisenbahn Reparatur\/Digitalisierung3D AusdruckserviceFabian G\u00f6tzSchlossackerstrasse 458526 Oberneunforn+41&nbsp;&hellip;<\/p>\n","protected":false},"author":1,"featured_media":0,"parent":0,"menu_order":0,"comment_status":"closed","ping_status":"closed","template":"","meta":{"ngg_post_thumbnail":0,"footnotes":""},"class_list":["post-103","page","type-page","status-publish","hentry"],"_links":{"self":[{"href":"https:\/\/modelleisenbahnreparatur.ch\/index.php?rest_route=\/wp\/v2\/pages\/103","targetHints":{"allow":["GET"]}}],"collection":[{"href":"https:\/\/modelleisenbahnreparatur.ch\/index.php?rest_route=\/wp\/v2\/pages"}],"about":[{"href":"https:\/\/modelleisenbahnreparatur.ch\/index.php?rest_route=\/wp\/v2\/types\/page"}],"author":[{"embeddable":true,"href":"https:\/\/modelleisenbahnreparatur.ch\/index.php?rest_route=\/wp\/v2\/users\/1"}],"replies":[{"embeddable":true,"href":"https:\/\/modelleisenbahnreparatur.ch\/index.php?rest_route=%2Fwp%2Fv2%2Fcomments&post=103"}],"version-history":[{"count":3,"href":"https:\/\/modelleisenbahnreparatur.ch\/index.php?rest_route=\/wp\/v2\/pages\/103\/revisions"}],"predecessor-version":[{"id":125,"href":"https:\/\/modelleisenbahnreparatur.ch\/index.php?rest_route=\/wp\/v2\/pages\/103\/revisions\/125"}],"wp:attachment":[{"href":"https:\/\/modelleisenbahnreparatur.ch\/index.php?rest_route=%2Fwp%2Fv2%2Fmedia&parent=103"}],"curies":[{"name":"wp","href":"https:\/\/api.w.org\/{rel}","templated":true}]}}